{"id":28,"date":"2026-04-27T09:12:49","date_gmt":"2026-04-27T09:12:49","guid":{"rendered":"https:\/\/ecoledesparisedge.com?page_id=28"},"modified":"2026-04-27T09:13:27","modified_gmt":"2026-04-27T09:13:27","slug":"blogs","status":"publish","type":"page","link":"https:\/\/ecoledesparisedge.com\/fr_ca\/blogs\/","title":{"rendered":"Blogs"},"content":{"rendered":"<ul class=\"wp-block-latest-posts__list has-dates has-author wp-block-latest-posts\"><li><div class=\"wp-block-latest-posts__featured-image alignleft\"><a href=\"https:\/\/ecoledesparisedge.com\/fr_ca\/strategies-efficaces-comment-developper-votre-approche-gagnante\/\" aria-label=\"Strat\u00e9gies efficaces : Comment d\u00e9velopper votre approche gagnante\"><img loading=\"lazy\" decoding=\"async\" width=\"150\" height=\"150\" src=\"https:\/\/ecoledesparisedge.com\/wp-content\/uploads\/2026\/04\/0d1ff7bd-34da-44c1-b9df-36ca781e6e7b-150x150.png\" class=\"attachment-thumbnail size-thumbnail wp-post-image\" alt=\"\" style=\"\" srcset=\"https:\/\/ecoledesparisedge.com\/wp-content\/uploads\/2026\/04\/0d1ff7bd-34da-44c1-b9df-36ca781e6e7b-150x150.png 150w, https:\/\/ecoledesparisedge.com\/wp-content\/uploads\/2026\/04\/0d1ff7bd-34da-44c1-b9df-36ca781e6e7b-300x300.png 300w, https:\/\/ecoledesparisedge.com\/wp-content\/uploads\/2026\/04\/0d1ff7bd-34da-44c1-b9df-36ca781e6e7b-768x768.png 768w, https:\/\/ecoledesparisedge.com\/wp-content\/uploads\/2026\/04\/0d1ff7bd-34da-44c1-b9df-36ca781e6e7b-12x12.png 12w, https:\/\/ecoledesparisedge.com\/wp-content\/uploads\/2026\/04\/0d1ff7bd-34da-44c1-b9df-36ca781e6e7b.png 1024w\" sizes=\"auto, (max-width: 150px) 100vw, 150px\" \/><\/a><\/div><a class=\"wp-block-latest-posts__post-title\" href=\"https:\/\/ecoledesparisedge.com\/fr_ca\/strategies-efficaces-comment-developper-votre-approche-gagnante\/\">Strat\u00e9gies efficaces : Comment d\u00e9velopper votre approche gagnante<\/a><div class=\"wp-block-latest-posts__post-author\">par admin<\/div><time datetime=\"2026-04-27T08:08:41+00:00\" class=\"wp-block-latest-posts__post-date\">avril 27, 2026<\/time><div class=\"wp-block-latest-posts__post-excerpt\">D\u00e9couvrez les strat\u00e9gies \u00e9prouv\u00e9es pour d\u00e9velopper votre approche gagnante : analyse de situation, diff\u00e9renciation, ex\u00e9cution efficace et adaptation continue.<\/div><\/li>\n<li><div class=\"wp-block-latest-posts__featured-image alignleft\"><a href=\"https:\/\/ecoledesparisedge.com\/fr_ca\/comment-fonctionnent-les-paris-sportifs-guide-complet\/\" aria-label=\"Comment fonctionnent les paris sportifs : Guide complet\"><img loading=\"lazy\" decoding=\"async\" width=\"150\" height=\"150\" src=\"https:\/\/ecoledesparisedge.com\/wp-content\/uploads\/2026\/04\/9ee1b15f-656d-4714-a5fb-fda759e1ca2b-150x150.png\" class=\"attachment-thumbnail size-thumbnail wp-post-image\" alt=\"\" style=\"\" srcset=\"https:\/\/ecoledesparisedge.com\/wp-content\/uploads\/2026\/04\/9ee1b15f-656d-4714-a5fb-fda759e1ca2b-150x150.png 150w, https:\/\/ecoledesparisedge.com\/wp-content\/uploads\/2026\/04\/9ee1b15f-656d-4714-a5fb-fda759e1ca2b-300x300.png 300w, https:\/\/ecoledesparisedge.com\/wp-content\/uploads\/2026\/04\/9ee1b15f-656d-4714-a5fb-fda759e1ca2b-768x768.png 768w, https:\/\/ecoledesparisedge.com\/wp-content\/uploads\/2026\/04\/9ee1b15f-656d-4714-a5fb-fda759e1ca2b-12x12.png 12w, https:\/\/ecoledesparisedge.com\/wp-content\/uploads\/2026\/04\/9ee1b15f-656d-4714-a5fb-fda759e1ca2b.png 1024w\" sizes=\"auto, (max-width: 150px) 100vw, 150px\" \/><\/a><\/div><a class=\"wp-block-latest-posts__post-title\" href=\"https:\/\/ecoledesparisedge.com\/fr_ca\/comment-fonctionnent-les-paris-sportifs-guide-complet\/\">Comment fonctionnent les paris sportifs : Guide complet<\/a><div class=\"wp-block-latest-posts__post-author\">par admin<\/div><time datetime=\"2026-04-27T08:02:37+00:00\" class=\"wp-block-latest-posts__post-date\">avril 27, 2026<\/time><div class=\"wp-block-latest-posts__post-excerpt\">D\u00e9couvrez les m\u00e9canismes cach\u00e9s des paris sportifs : comment les bookmakers calculent les cotes, g\u00e8rent leurs marges et exploitent la psychologie des parieurs.<\/div><\/li>\n<\/ul>","protected":false},"excerpt":{"rendered":"","protected":false},"author":1,"featured_media":0,"parent":0,"menu_order":0,"comment_status":"closed","ping_status":"closed","template":"","meta":{"footnotes":""},"class_list":["post-28","page","type-page","status-publish","hentry"],"_links":{"self":[{"href":"https:\/\/ecoledesparisedge.com\/fr_ca\/wp-json\/wp\/v2\/pages\/28","targetHints":{"allow":["GET"]}}],"collection":[{"href":"https:\/\/ecoledesparisedge.com\/fr_ca\/wp-json\/wp\/v2\/pages"}],"about":[{"href":"https:\/\/ecoledesparisedge.com\/fr_ca\/wp-json\/wp\/v2\/types\/page"}],"author":[{"embeddable":true,"href":"https:\/\/ecoledesparisedge.com\/fr_ca\/wp-json\/wp\/v2\/users\/1"}],"replies":[{"embeddable":true,"href":"https:\/\/ecoledesparisedge.com\/fr_ca\/wp-json\/wp\/v2\/comments?post=28"}],"version-history":[{"count":3,"href":"https:\/\/ecoledesparisedge.com\/fr_ca\/wp-json\/wp\/v2\/pages\/28\/revisions"}],"predecessor-version":[{"id":53,"href":"https:\/\/ecoledesparisedge.com\/fr_ca\/wp-json\/wp\/v2\/pages\/28\/revisions\/53"}],"wp:attachment":[{"href":"https:\/\/ecoledesparisedge.com\/fr_ca\/wp-json\/wp\/v2\/media?parent=28"}],"curies":[{"name":"wp","href":"https:\/\/api.w.org\/{rel}","templated":true}]}}